{"id":300,"date":"2025-03-10T16:43:09","date_gmt":"2025-03-10T14:43:09","guid":{"rendered":"https:\/\/prelive.paulasarekanno.com\/?page_id=300"},"modified":"2026-02-28T12:01:44","modified_gmt":"2026-02-28T09:01:44","slug":"yritused","status":"publish","type":"page","link":"https:\/\/prelive.paulasarekanno.com\/et\/yritused\/","title":{"rendered":"\u00dcritused"},"content":{"rendered":"<div data-elementor-type=\"wp-page\" data-elementor-id=\"300\" class=\"elementor elementor-300\">\n\t\t\t\t<div class=\"elementor-element elementor-element-76a09403 e-flex e-con-boxed e-con e-parent\" data-id=\"76a09403\" data-element_type=\"container\" data-e-type=\"container\">\n\t\t\t\t\t<div class=\"e-con-inner\">\n\t\t\t\t\t<\/div>\n\t\t\t\t<\/div>\n\t\t<div class=\"elementor-element elementor-element-d0fbc64 e-flex e-con-boxed e-con e-parent\" data-id=\"d0fbc64\" data-element_type=\"container\" data-e-type=\"container\">\n\t\t\t\t\t<div class=\"e-con-inner\">\n\t\t\t\t<div class=\"elementor-element elementor-element-6359355 elementor-widget elementor-widget-text-editor\" data-id=\"6359355\" data-element_type=\"widget\" data-e-type=\"widget\" data-widget_type=\"text-editor.default\">\n\t\t\t\t<div class=\"elementor-widget-container\">\n\t\t\t\t\t\t\t\t\t<p>Ladies Supper Club &#8211; Naistelt naistele loodud \u00fcrituste seeria, kus kohtuvad m\u00f5nusad maitsed, hoolikalt valitud veinid ning&nbsp; kokandus- ja ilunipid. K\u00f5ik selleks, et luua aeg, kus saad lihtsalt olla &#8211; ilma ootusteta, kohustusteta ja kiirustamiseta.&nbsp;<\/p>\n<p>J\u00e4rgmine <a href=\"https:\/\/prelive.paulasarekanno.com\/et\/toode\/ladies-supper-club-04-04-2026\/\">Ladies Supper Club ootab sind liituma 4. aprillil, kui t\u00e4histme \u00fchiselt Ladies Supper Club 1.s\u00fcnnip\u00e4eva.&nbsp;<\/a><\/p>\n<p>#5PMclub #ladiesonly #unwine(d)<\/p>\n<p>***&nbsp;<\/p>\n<p><strong>Privaat\u00f5htus\u00f6\u00f6gid ja toidukoolitused<\/strong><\/p>\n<p>Soovid korraldada meeldej\u00e4\u00e4vat \u00f5htut s\u00f5prade v\u00f5i kolleegidega? Minuga koos saab luua privaatseid kokandus\u00f5htuid kuni 25 inimesele, kus iga detail on hoole ja s\u00fcdamega l\u00e4bi m\u00f5eldud. Iga \u00f5htu on eriline ning kohandatud t\u00e4pselt sinu soovide, maitse ja \u00fcrituse olemuse j\u00e4rgi.<\/p>\n<p><img decoding=\"async\" src=\"https:\/\/prelive.paulasarekanno.com\/wp-content\/uploads\/2025\/05\/IMG_8620.heic\" alt=\"\">\u00dcritusi saab korraldada minu k\u00f6\u00f6k-stuudios v\u00f5i erikokkuleppel ka sinu valitud asukohas. Kas tegu on s\u00fcnnip\u00e4eva, tiimi\u00fcrituse v\u00f5i lihtsalt \u00fche m\u00f5nusa koosolemisega \u2014 k\u00f5ik algab sinu ideest. Koos paneme paika 3- v\u00f5i 4-k\u00e4igulise men\u00fc\u00fc, mis peegeldab sinu eelistusi ja loob t\u00f5eliselt hubase, nauditava ja stiilse toidu\u00f5htu.<\/p>\n<p>Broneerimise tingimused:<\/p>\n<ul>\n<li>Minimaalne osalejate arv: 8 inimest<\/li>\n<li>Minimaalne maksumus: 1000\u20ac<\/li>\n<\/ul>\n<p><img decoding=\"async\" role=\"img\" draggable=\"false\" src=\"https:\/\/s.w.org\/images\/core\/emoji\/16.0.1\/svg\/1f4e9.svg\" alt=\"\ud83d\udce9\"> Kirjuta mulle aadressil paula@paulasarekanno.com ja saadan sulle personaalse pakkumise.\u2028Mul oleks v\u00e4ga hea meel luua koos sinuga \u00fcks eriline \u00f5htu, mis \u00fchendab maitsed, seltskonna ja killukese inspiratsiooni.<\/p>\t\t\t\t\t\t\t\t<\/div>\n\t\t\t\t<\/div>\n\t\t\t\t\t<\/div>\n\t\t\t\t<\/div>\n\t\t\t\t<\/div>","protected":false},"excerpt":{"rendered":"<p>Ladies Supper Club &#8211; Naistelt naistele loodud \u00fcrituste seeria, kus kohtuvad m\u00f5nusad maitsed, hoolikalt valitud veinid ning&nbsp; kokandus- ja ilunipid. &hellip; <\/p>","protected":false},"author":5,"featured_media":1191,"parent":0,"menu_order":0,"comment_status":"closed","ping_status":"closed","template":"elementor_header_footer","meta":{"iawp_total_views":337,"footnotes":""},"class_list":["post-300","page","type-page","status-publish","has-post-thumbnail","hentry","latest_post"],"yoast_head":"<!-- This site is optimized with the Yoast SEO plugin v27.1.1 - https:\/\/yoast.com\/product\/yoast-seo-wordpress\/ -->\n<title>\u00dcritused - Paula S\u00e4rekanno<\/title>\n<meta name=\"description\" content=\"Siit lehelt leiate infot minu korraldatavate \u00fcrituste kohta.\" \/>\n<meta name=\"robots\" content=\"index, follow, max-snippet:-1, max-image-preview:large, max-video-preview:-1\" \/>\n<link rel=\"canonical\" href=\"https:\/\/prelive.paulasarekanno.com\/et\/yritused\/\" \/>\n<meta property=\"og:locale\" content=\"et_EE\" \/>\n<meta property=\"og:type\" content=\"article\" \/>\n<meta property=\"og:title\" content=\"\u00dcritused - Paula S\u00e4rekanno\" \/>\n<meta property=\"og:description\" content=\"Siit lehelt leiate infot minu korraldatavate \u00fcrituste kohta.\" \/>\n<meta property=\"og:url\" content=\"https:\/\/prelive.paulasarekanno.com\/et\/yritused\/\" \/>\n<meta property=\"og:site_name\" content=\"Paula S\u00e4rekanno\" \/>\n<meta property=\"article:modified_time\" content=\"2026-02-28T09:01:44+00:00\" \/>\n<meta property=\"og:image\" content=\"https:\/\/prelive.paulasarekanno.com\/wp-content\/uploads\/2025\/03\/u8927113169_httpss.mj_.run9rIlsZ84GNI_httpss.mj_.runXrJxBmaYxSU_789fe010-8515-4ea2-b5f7-1679d63d6fdc_2.png\" \/>\n\t<meta property=\"og:image:width\" content=\"816\" \/>\n\t<meta property=\"og:image:height\" content=\"1456\" \/>\n\t<meta property=\"og:image:type\" content=\"image\/png\" \/>\n<meta name=\"twitter:card\" content=\"summary_large_image\" \/>\n<meta name=\"twitter:label1\" content=\"Est. reading time\" \/>\n\t<meta name=\"twitter:data1\" content=\"2 minutes\" \/>\n<script type=\"application\/ld+json\" class=\"yoast-schema-graph\">{\"@context\":\"https:\/\/schema.org\",\"@graph\":[{\"@type\":\"WebPage\",\"@id\":\"https:\/\/prelive.paulasarekanno.com\/et\/yritused\/\",\"url\":\"https:\/\/prelive.paulasarekanno.com\/et\/yritused\/\",\"name\":\"\u00dcritused - Paula S\u00e4rekanno\",\"isPartOf\":{\"@id\":\"https:\/\/prelive.paulasarekanno.com\/et\/#website\"},\"primaryImageOfPage\":{\"@id\":\"https:\/\/prelive.paulasarekanno.com\/et\/yritused\/#primaryimage\"},\"image\":{\"@id\":\"https:\/\/prelive.paulasarekanno.com\/et\/yritused\/#primaryimage\"},\"thumbnailUrl\":\"https:\/\/prelive.paulasarekanno.com\/wp-content\/uploads\/2025\/03\/u8927113169_httpss.mj_.run9rIlsZ84GNI_httpss.mj_.runXrJxBmaYxSU_789fe010-8515-4ea2-b5f7-1679d63d6fdc_2.png\",\"datePublished\":\"2025-03-10T14:43:09+00:00\",\"dateModified\":\"2026-02-28T09:01:44+00:00\",\"description\":\"Siit lehelt leiate infot minu korraldatavate \u00fcrituste kohta.\",\"breadcrumb\":{\"@id\":\"https:\/\/prelive.paulasarekanno.com\/et\/yritused\/#breadcrumb\"},\"inLanguage\":\"et\",\"potentialAction\":[{\"@type\":\"ReadAction\",\"target\":[\"https:\/\/prelive.paulasarekanno.com\/et\/yritused\/\"]}]},{\"@type\":\"ImageObject\",\"inLanguage\":\"et\",\"@id\":\"https:\/\/prelive.paulasarekanno.com\/et\/yritused\/#primaryimage\",\"url\":\"https:\/\/prelive.paulasarekanno.com\/wp-content\/uploads\/2025\/03\/u8927113169_httpss.mj_.run9rIlsZ84GNI_httpss.mj_.runXrJxBmaYxSU_789fe010-8515-4ea2-b5f7-1679d63d6fdc_2.png\",\"contentUrl\":\"https:\/\/prelive.paulasarekanno.com\/wp-content\/uploads\/2025\/03\/u8927113169_httpss.mj_.run9rIlsZ84GNI_httpss.mj_.runXrJxBmaYxSU_789fe010-8515-4ea2-b5f7-1679d63d6fdc_2.png\",\"width\":816,\"height\":1456},{\"@type\":\"BreadcrumbList\",\"@id\":\"https:\/\/prelive.paulasarekanno.com\/et\/yritused\/#breadcrumb\",\"itemListElement\":[{\"@type\":\"ListItem\",\"position\":1,\"name\":\"Home\",\"item\":\"https:\/\/prelive.paulasarekanno.com\/et\/avaleht\/\"},{\"@type\":\"ListItem\",\"position\":2,\"name\":\"\u00dcritused\"}]},{\"@type\":\"WebSite\",\"@id\":\"https:\/\/prelive.paulasarekanno.com\/et\/#website\",\"url\":\"https:\/\/prelive.paulasarekanno.com\/et\/\",\"name\":\"Paula S\u00e4rekanno\",\"description\":\"Paula S\u00e4rekanno\",\"potentialAction\":[{\"@type\":\"SearchAction\",\"target\":{\"@type\":\"EntryPoint\",\"urlTemplate\":\"https:\/\/prelive.paulasarekanno.com\/et\/?s={search_term_string}\"},\"query-input\":{\"@type\":\"PropertyValueSpecification\",\"valueRequired\":true,\"valueName\":\"search_term_string\"}}],\"inLanguage\":\"et\"}]}<\/script>\n<!-- \/ Yoast SEO plugin. -->","yoast_head_json":{"title":"\u00dcritused - Paula S\u00e4rekanno","description":"Siit lehelt leiate infot minu korraldatavate \u00fcrituste kohta.","robots":{"index":"index","follow":"follow","max-snippet":"max-snippet:-1","max-image-preview":"max-image-preview:large","max-video-preview":"max-video-preview:-1"},"canonical":"https:\/\/prelive.paulasarekanno.com\/et\/yritused\/","og_locale":"et_EE","og_type":"article","og_title":"\u00dcritused - Paula S\u00e4rekanno","og_description":"Siit lehelt leiate infot minu korraldatavate \u00fcrituste kohta.","og_url":"https:\/\/prelive.paulasarekanno.com\/et\/yritused\/","og_site_name":"Paula S\u00e4rekanno","article_modified_time":"2026-02-28T09:01:44+00:00","og_image":[{"width":816,"height":1456,"url":"https:\/\/prelive.paulasarekanno.com\/wp-content\/uploads\/2025\/03\/u8927113169_httpss.mj_.run9rIlsZ84GNI_httpss.mj_.runXrJxBmaYxSU_789fe010-8515-4ea2-b5f7-1679d63d6fdc_2.png","type":"image\/png"}],"twitter_card":"summary_large_image","twitter_misc":{"Est. reading time":"2 minutes"},"schema":{"@context":"https:\/\/schema.org","@graph":[{"@type":"WebPage","@id":"https:\/\/prelive.paulasarekanno.com\/et\/yritused\/","url":"https:\/\/prelive.paulasarekanno.com\/et\/yritused\/","name":"\u00dcritused - Paula S\u00e4rekanno","isPartOf":{"@id":"https:\/\/prelive.paulasarekanno.com\/et\/#website"},"primaryImageOfPage":{"@id":"https:\/\/prelive.paulasarekanno.com\/et\/yritused\/#primaryimage"},"image":{"@id":"https:\/\/prelive.paulasarekanno.com\/et\/yritused\/#primaryimage"},"thumbnailUrl":"https:\/\/prelive.paulasarekanno.com\/wp-content\/uploads\/2025\/03\/u8927113169_httpss.mj_.run9rIlsZ84GNI_httpss.mj_.runXrJxBmaYxSU_789fe010-8515-4ea2-b5f7-1679d63d6fdc_2.png","datePublished":"2025-03-10T14:43:09+00:00","dateModified":"2026-02-28T09:01:44+00:00","description":"Siit lehelt leiate infot minu korraldatavate \u00fcrituste kohta.","breadcrumb":{"@id":"https:\/\/prelive.paulasarekanno.com\/et\/yritused\/#breadcrumb"},"inLanguage":"et","potentialAction":[{"@type":"ReadAction","target":["https:\/\/prelive.paulasarekanno.com\/et\/yritused\/"]}]},{"@type":"ImageObject","inLanguage":"et","@id":"https:\/\/prelive.paulasarekanno.com\/et\/yritused\/#primaryimage","url":"https:\/\/prelive.paulasarekanno.com\/wp-content\/uploads\/2025\/03\/u8927113169_httpss.mj_.run9rIlsZ84GNI_httpss.mj_.runXrJxBmaYxSU_789fe010-8515-4ea2-b5f7-1679d63d6fdc_2.png","contentUrl":"https:\/\/prelive.paulasarekanno.com\/wp-content\/uploads\/2025\/03\/u8927113169_httpss.mj_.run9rIlsZ84GNI_httpss.mj_.runXrJxBmaYxSU_789fe010-8515-4ea2-b5f7-1679d63d6fdc_2.png","width":816,"height":1456},{"@type":"BreadcrumbList","@id":"https:\/\/prelive.paulasarekanno.com\/et\/yritused\/#breadcrumb","itemListElement":[{"@type":"ListItem","position":1,"name":"Home","item":"https:\/\/prelive.paulasarekanno.com\/et\/avaleht\/"},{"@type":"ListItem","position":2,"name":"\u00dcritused"}]},{"@type":"WebSite","@id":"https:\/\/prelive.paulasarekanno.com\/et\/#website","url":"https:\/\/prelive.paulasarekanno.com\/et\/","name":"Paula S\u00e4rekanno","description":"Paula S\u00e4rekanno","potentialAction":[{"@type":"SearchAction","target":{"@type":"EntryPoint","urlTemplate":"https:\/\/prelive.paulasarekanno.com\/et\/?s={search_term_string}"},"query-input":{"@type":"PropertyValueSpecification","valueRequired":true,"valueName":"search_term_string"}}],"inLanguage":"et"}]}},"_links":{"self":[{"href":"https:\/\/prelive.paulasarekanno.com\/et\/wp-json\/wp\/v2\/pages\/300","targetHints":{"allow":["GET"]}}],"collection":[{"href":"https:\/\/prelive.paulasarekanno.com\/et\/wp-json\/wp\/v2\/pages"}],"about":[{"href":"https:\/\/prelive.paulasarekanno.com\/et\/wp-json\/wp\/v2\/types\/page"}],"author":[{"embeddable":true,"href":"https:\/\/prelive.paulasarekanno.com\/et\/wp-json\/wp\/v2\/users\/5"}],"replies":[{"embeddable":true,"href":"https:\/\/prelive.paulasarekanno.com\/et\/wp-json\/wp\/v2\/comments?post=300"}],"version-history":[{"count":31,"href":"https:\/\/prelive.paulasarekanno.com\/et\/wp-json\/wp\/v2\/pages\/300\/revisions"}],"predecessor-version":[{"id":2139,"href":"https:\/\/prelive.paulasarekanno.com\/et\/wp-json\/wp\/v2\/pages\/300\/revisions\/2139"}],"wp:featuredmedia":[{"embeddable":true,"href":"https:\/\/prelive.paulasarekanno.com\/et\/wp-json\/wp\/v2\/media\/1191"}],"wp:attachment":[{"href":"https:\/\/prelive.paulasarekanno.com\/et\/wp-json\/wp\/v2\/media?parent=300"}],"curies":[{"name":"wp","href":"https:\/\/api.w.org\/{rel}","templated":true}]}}