{"id":2133,"date":"2026-02-27T11:31:31","date_gmt":"2026-02-27T08:31:31","guid":{"rendered":"https:\/\/prelive.paulasarekanno.com\/?post_type=product&#038;p=2133"},"modified":"2026-03-11T11:40:36","modified_gmt":"2026-03-11T08:40:36","slug":"ladies-supper-club-04-04-2026","status":"publish","type":"product","link":"https:\/\/prelive.paulasarekanno.com\/et\/pood\/ladies-supper-club-04-04-2026\/","title":{"rendered":"Ladies Supper Club \u2013 1. s\u00fcnnip\u00e4ev \u2728 04.04.2026"},"content":{"rendered":"","protected":false},"excerpt":{"rendered":"<p data-start=\"311\" data-end=\"559\">\ud83d\udcab <strong data-start=\"314\" data-end=\"365\">Ladies Supper Club on rohkem kui toidukoolitus.<\/strong><br data-start=\"365\" data-end=\"368\" \/>See on \u00f5htu naistelt naistele \u2013 hetk, kus aeg korraks peatub ja meeleolu rahuneb. Sind ootavad hoolikalt loodud maitsed, inspireerivad vestlused ja \u00f5hkkond, mis j\u00e4\u00e4b sinuga veel pikaks ajaks.<\/p>\n<p data-start=\"561\" data-end=\"806\">Aprillis t\u00e4histame midagi erilist \u2013 Ladies Supper Club saab 1-aastaseks. \u2728<br data-start=\"635\" data-end=\"638\" \/>T\u00e4pselt aasta tagasi, 4. aprillil 2025, toimus esimene Supper Club tookord veel v\u00e4ikesele seltskonnale. Kohad t\u00e4itusid enne, kui j\u00f5udsime need ametlikult m\u00fc\u00fcki panna.<\/p>\n<p data-start=\"808\" data-end=\"969\">Aasta on m\u00f6\u00f6dunud m\u00e4rkamatult. T\u00e4naseks on Supper Club kasvanud avatud naiste kogukonnaks \u2013 millekski suuremaks ja s\u00fcgavamaks, kui oskasin alguses ette kujutada.<\/p>\n<p data-start=\"971\" data-end=\"1167\">Oled oodatud meie s\u00fcnnip\u00e4eva\u00f5htule, kus valmistame koos kolmek\u00e4igulise \u00f5htus\u00f6\u00f6gi, naudime hoolikalt valitud jooke ja naudime m\u00f5nusat kulgemist.<\/p>\n<p data-start=\"1169\" data-end=\"1276\">Seekordse erik\u00fclalise ja men\u00fc\u00fc avalikustame m\u00e4rtsis. Kui soovid esimesena uudistest kuulda, liitu all LSC uudiskirjaga. \ud83d\udc8c<\/p>\n<p data-start=\"1278\" data-end=\"1377\">\ud83c\udf38 Ruumi aitab kauniks muuta Evently<br data-start=\"1314\" data-end=\"1317\" \/>\ud83c\udf7d\ufe0f Men\u00fc\u00fc avaldame m\u00e4rtsis, aga kindlasti saab s\u00fcnnip\u00e4evatorti<\/p>\n<p data-start=\"1379\" data-end=\"1450\">\ud83d\udccd<em><strong> 4. aprill kell 17.00<\/strong><\/em><br data-start=\"1402\" data-end=\"1405\" \/>\ud83c\udf9f\ufe0f <em><strong>89 \u20ac<\/strong><\/em> (sisaldab toitu, jooke ja t\u00f6\u00f6tuba)<\/p>\n<p data-start=\"1379\" data-end=\"1450\">Kohtade arv on piiratud.<\/p>\n<p data-start=\"1528\" data-end=\"1550\"><em>Women inspiring women.<\/em><\/p>\n<p data-start=\"1552\" data-end=\"1583\"><em>#ladiesonly #unwine(d) #5pmclub<\/em><\/p>\n<p data-start=\"1585\" data-end=\"1618\">Ladies Supper Club&#8217;i toob teieni:<\/p>\n<p><img decoding=\"async\" class=\"alignnone wp-image-2024\" src=\"https:\/\/prelive.paulasarekanno.com\/wp-content\/uploads\/2025\/10\/Evently-logo-300x65.webp\" alt=\"\" width=\"217\" height=\"47\" srcset=\"https:\/\/prelive.paulasarekanno.com\/wp-content\/uploads\/2025\/10\/Evently-logo-300x65.webp 300w, https:\/\/prelive.paulasarekanno.com\/wp-content\/uploads\/2025\/10\/Evently-logo-768x167.webp 768w, https:\/\/prelive.paulasarekanno.com\/wp-content\/uploads\/2025\/10\/Evently-logo-18x4.webp 18w, https:\/\/prelive.paulasarekanno.com\/wp-content\/uploads\/2025\/10\/Evently-logo-600x130.webp 600w, https:\/\/prelive.paulasarekanno.com\/wp-content\/uploads\/2025\/10\/Evently-logo.webp 1000w\" sizes=\"(max-width: 217px) 100vw, 217px\" \/><\/p>","protected":false},"featured_media":1950,"template":"","meta":{"iawp_total_views":261},"product_brand":[],"product_cat":[232],"product_tag":[],"class_list":{"0":"post-2133","1":"product","2":"type-product","3":"status-publish","4":"has-post-thumbnail","6":"product_cat-tooted","7":"latest_post","9":"first","10":"instock","11":"shipping-taxable","12":"purchasable","13":"product-type-simple"},"yoast_head":"<!-- This site is optimized with the Yoast SEO plugin v27.1.1 - https:\/\/yoast.com\/product\/yoast-seo-wordpress\/ -->\n<title>Ladies Supper Club \u2013 1. s\u00fcnnip\u00e4ev \u2728 04.04.2026 - Paula S\u00e4rekanno<\/title>\n<meta name=\"description\" content=\"\u00dcks \u00f5htu. Erilised naised. M\u00f5nusaid maitseid, head veini ja lihtsaid kokandusnippe t\u00e4is kulgemine, kus saad olla lihtsalt sina ise.\" \/>\n<meta name=\"robots\" content=\"index, follow, max-snippet:-1, max-image-preview:large, max-video-preview:-1\" \/>\n<link rel=\"canonical\" href=\"https:\/\/prelive.paulasarekanno.com\/et\/pood\/ladies-supper-club-04-04-2026\/\" \/>\n<meta property=\"og:locale\" content=\"et_EE\" \/>\n<meta property=\"og:type\" content=\"article\" \/>\n<meta property=\"og:title\" content=\"Ladies Supper Club \u2013 1. s\u00fcnnip\u00e4ev \u2728 04.04.2026 - Paula S\u00e4rekanno\" \/>\n<meta property=\"og:description\" content=\"\u00dcks \u00f5htu. Erilised naised. M\u00f5nusaid maitseid, head veini ja lihtsaid kokandusnippe t\u00e4is kulgemine, kus saad olla lihtsalt sina ise.\" \/>\n<meta property=\"og:url\" content=\"https:\/\/prelive.paulasarekanno.com\/et\/pood\/ladies-supper-club-04-04-2026\/\" \/>\n<meta property=\"og:site_name\" content=\"Paula S\u00e4rekanno\" \/>\n<meta property=\"article:modified_time\" content=\"2026-03-11T08:40:36+00:00\" \/>\n<meta property=\"og:image\" content=\"https:\/\/prelive.paulasarekanno.com\/wp-content\/uploads\/2025\/07\/DSC0515.jpg\" \/>\n\t<meta property=\"og:image:width\" content=\"1024\" \/>\n\t<meta property=\"og:image:height\" content=\"1536\" \/>\n\t<meta property=\"og:image:type\" content=\"image\/jpeg\" \/>\n<meta name=\"twitter:card\" content=\"summary_large_image\" \/>\n<meta name=\"twitter:label1\" content=\"Est. reading time\" \/>\n\t<meta name=\"twitter:data1\" content=\"1 minute\" \/>\n<script type=\"application\/ld+json\" class=\"yoast-schema-graph\">{\"@context\":\"https:\/\/schema.org\",\"@graph\":[{\"@type\":\"WebPage\",\"@id\":\"https:\/\/prelive.paulasarekanno.com\/et\/pood\/ladies-supper-club-04-04-2026\/\",\"url\":\"https:\/\/prelive.paulasarekanno.com\/et\/pood\/ladies-supper-club-04-04-2026\/\",\"name\":\"Ladies Supper Club \u2013 1. s\u00fcnnip\u00e4ev \u2728 04.04.2026 - Paula S\u00e4rekanno\",\"isPartOf\":{\"@id\":\"https:\/\/prelive.paulasarekanno.com\/et\/#website\"},\"primaryImageOfPage\":{\"@id\":\"https:\/\/prelive.paulasarekanno.com\/et\/pood\/ladies-supper-club-04-04-2026\/#primaryimage\"},\"image\":{\"@id\":\"https:\/\/prelive.paulasarekanno.com\/et\/pood\/ladies-supper-club-04-04-2026\/#primaryimage\"},\"thumbnailUrl\":\"https:\/\/prelive.paulasarekanno.com\/wp-content\/uploads\/2025\/07\/DSC0515.jpg\",\"datePublished\":\"2026-02-27T08:31:31+00:00\",\"dateModified\":\"2026-03-11T08:40:36+00:00\",\"description\":\"\u00dcks \u00f5htu. Erilised naised. M\u00f5nusaid maitseid, head veini ja lihtsaid kokandusnippe t\u00e4is kulgemine, kus saad olla lihtsalt sina ise.\",\"breadcrumb\":{\"@id\":\"https:\/\/prelive.paulasarekanno.com\/et\/pood\/ladies-supper-club-04-04-2026\/#breadcrumb\"},\"inLanguage\":\"et\",\"potentialAction\":[{\"@type\":\"ReadAction\",\"target\":[\"https:\/\/prelive.paulasarekanno.com\/et\/pood\/ladies-supper-club-04-04-2026\/\"]}]},{\"@type\":\"ImageObject\",\"inLanguage\":\"et\",\"@id\":\"https:\/\/prelive.paulasarekanno.com\/et\/pood\/ladies-supper-club-04-04-2026\/#primaryimage\",\"url\":\"https:\/\/prelive.paulasarekanno.com\/wp-content\/uploads\/2025\/07\/DSC0515.jpg\",\"contentUrl\":\"https:\/\/prelive.paulasarekanno.com\/wp-content\/uploads\/2025\/07\/DSC0515.jpg\",\"width\":1024,\"height\":1536},{\"@type\":\"BreadcrumbList\",\"@id\":\"https:\/\/prelive.paulasarekanno.com\/et\/pood\/ladies-supper-club-04-04-2026\/#breadcrumb\",\"itemListElement\":[{\"@type\":\"ListItem\",\"position\":1,\"name\":\"Home\",\"item\":\"https:\/\/prelive.paulasarekanno.com\/et\/avaleht\/\"},{\"@type\":\"ListItem\",\"position\":2,\"name\":\"Pood\",\"item\":\"https:\/\/prelive.paulasarekanno.com\/et\/pood\/\"},{\"@type\":\"ListItem\",\"position\":3,\"name\":\"Ladies Supper Club \u2013 1. s\u00fcnnip\u00e4ev \u2728 04.04.2026\"}]},{\"@type\":\"WebSite\",\"@id\":\"https:\/\/prelive.paulasarekanno.com\/et\/#website\",\"url\":\"https:\/\/prelive.paulasarekanno.com\/et\/\",\"name\":\"Paula S\u00e4rekanno\",\"description\":\"Paula S\u00e4rekanno\",\"potentialAction\":[{\"@type\":\"SearchAction\",\"target\":{\"@type\":\"EntryPoint\",\"urlTemplate\":\"https:\/\/prelive.paulasarekanno.com\/et\/?s={search_term_string}\"},\"query-input\":{\"@type\":\"PropertyValueSpecification\",\"valueRequired\":true,\"valueName\":\"search_term_string\"}}],\"inLanguage\":\"et\"}]}<\/script>\n<!-- \/ Yoast SEO plugin. -->","yoast_head_json":{"title":"Ladies Supper Club \u2013 1. s\u00fcnnip\u00e4ev \u2728 04.04.2026 - Paula S\u00e4rekanno","description":"\u00dcks \u00f5htu. Erilised naised. M\u00f5nusaid maitseid, head veini ja lihtsaid kokandusnippe t\u00e4is kulgemine, kus saad olla lihtsalt sina ise.","robots":{"index":"index","follow":"follow","max-snippet":"max-snippet:-1","max-image-preview":"max-image-preview:large","max-video-preview":"max-video-preview:-1"},"canonical":"https:\/\/prelive.paulasarekanno.com\/et\/pood\/ladies-supper-club-04-04-2026\/","og_locale":"et_EE","og_type":"article","og_title":"Ladies Supper Club \u2013 1. s\u00fcnnip\u00e4ev \u2728 04.04.2026 - Paula S\u00e4rekanno","og_description":"\u00dcks \u00f5htu. Erilised naised. M\u00f5nusaid maitseid, head veini ja lihtsaid kokandusnippe t\u00e4is kulgemine, kus saad olla lihtsalt sina ise.","og_url":"https:\/\/prelive.paulasarekanno.com\/et\/pood\/ladies-supper-club-04-04-2026\/","og_site_name":"Paula S\u00e4rekanno","article_modified_time":"2026-03-11T08:40:36+00:00","og_image":[{"width":1024,"height":1536,"url":"https:\/\/prelive.paulasarekanno.com\/wp-content\/uploads\/2025\/07\/DSC0515.jpg","type":"image\/jpeg"}],"twitter_card":"summary_large_image","twitter_misc":{"Est. reading time":"1 minute"},"schema":{"@context":"https:\/\/schema.org","@graph":[{"@type":"WebPage","@id":"https:\/\/prelive.paulasarekanno.com\/et\/pood\/ladies-supper-club-04-04-2026\/","url":"https:\/\/prelive.paulasarekanno.com\/et\/pood\/ladies-supper-club-04-04-2026\/","name":"Ladies Supper Club \u2013 1. s\u00fcnnip\u00e4ev \u2728 04.04.2026 - Paula S\u00e4rekanno","isPartOf":{"@id":"https:\/\/prelive.paulasarekanno.com\/et\/#website"},"primaryImageOfPage":{"@id":"https:\/\/prelive.paulasarekanno.com\/et\/pood\/ladies-supper-club-04-04-2026\/#primaryimage"},"image":{"@id":"https:\/\/prelive.paulasarekanno.com\/et\/pood\/ladies-supper-club-04-04-2026\/#primaryimage"},"thumbnailUrl":"https:\/\/prelive.paulasarekanno.com\/wp-content\/uploads\/2025\/07\/DSC0515.jpg","datePublished":"2026-02-27T08:31:31+00:00","dateModified":"2026-03-11T08:40:36+00:00","description":"\u00dcks \u00f5htu. Erilised naised. M\u00f5nusaid maitseid, head veini ja lihtsaid kokandusnippe t\u00e4is kulgemine, kus saad olla lihtsalt sina ise.","breadcrumb":{"@id":"https:\/\/prelive.paulasarekanno.com\/et\/pood\/ladies-supper-club-04-04-2026\/#breadcrumb"},"inLanguage":"et","potentialAction":[{"@type":"ReadAction","target":["https:\/\/prelive.paulasarekanno.com\/et\/pood\/ladies-supper-club-04-04-2026\/"]}]},{"@type":"ImageObject","inLanguage":"et","@id":"https:\/\/prelive.paulasarekanno.com\/et\/pood\/ladies-supper-club-04-04-2026\/#primaryimage","url":"https:\/\/prelive.paulasarekanno.com\/wp-content\/uploads\/2025\/07\/DSC0515.jpg","contentUrl":"https:\/\/prelive.paulasarekanno.com\/wp-content\/uploads\/2025\/07\/DSC0515.jpg","width":1024,"height":1536},{"@type":"BreadcrumbList","@id":"https:\/\/prelive.paulasarekanno.com\/et\/pood\/ladies-supper-club-04-04-2026\/#breadcrumb","itemListElement":[{"@type":"ListItem","position":1,"name":"Home","item":"https:\/\/prelive.paulasarekanno.com\/et\/avaleht\/"},{"@type":"ListItem","position":2,"name":"Pood","item":"https:\/\/prelive.paulasarekanno.com\/et\/pood\/"},{"@type":"ListItem","position":3,"name":"Ladies Supper Club \u2013 1. s\u00fcnnip\u00e4ev \u2728 04.04.2026"}]},{"@type":"WebSite","@id":"https:\/\/prelive.paulasarekanno.com\/et\/#website","url":"https:\/\/prelive.paulasarekanno.com\/et\/","name":"Paula S\u00e4rekanno","description":"Paula S\u00e4rekanno","potentialAction":[{"@type":"SearchAction","target":{"@type":"EntryPoint","urlTemplate":"https:\/\/prelive.paulasarekanno.com\/et\/?s={search_term_string}"},"query-input":{"@type":"PropertyValueSpecification","valueRequired":true,"valueName":"search_term_string"}}],"inLanguage":"et"}]}},"_links":{"self":[{"href":"https:\/\/prelive.paulasarekanno.com\/et\/wp-json\/wp\/v2\/product\/2133","targetHints":{"allow":["GET"]}}],"collection":[{"href":"https:\/\/prelive.paulasarekanno.com\/et\/wp-json\/wp\/v2\/product"}],"about":[{"href":"https:\/\/prelive.paulasarekanno.com\/et\/wp-json\/wp\/v2\/types\/product"}],"wp:featuredmedia":[{"embeddable":true,"href":"https:\/\/prelive.paulasarekanno.com\/et\/wp-json\/wp\/v2\/media\/1950"}],"wp:attachment":[{"href":"https:\/\/prelive.paulasarekanno.com\/et\/wp-json\/wp\/v2\/media?parent=2133"}],"wp:term":[{"taxonomy":"product_brand","embeddable":true,"href":"https:\/\/prelive.paulasarekanno.com\/et\/wp-json\/wp\/v2\/product_brand?post=2133"},{"taxonomy":"product_cat","embeddable":true,"href":"https:\/\/prelive.paulasarekanno.com\/et\/wp-json\/wp\/v2\/product_cat?post=2133"},{"taxonomy":"product_tag","embeddable":true,"href":"https:\/\/prelive.paulasarekanno.com\/et\/wp-json\/wp\/v2\/product_tag?post=2133"}],"curies":[{"name":"wp","href":"https:\/\/api.w.org\/{rel}","templated":true}]}}