{"id":2152,"date":"2026-03-10T12:00:17","date_gmt":"2026-03-10T09:00:17","guid":{"rendered":"https:\/\/prelive.paulasarekanno.com\/?post_type=product&#038;p=2152"},"modified":"2026-03-10T12:27:08","modified_gmt":"2026-03-10T09:27:08","slug":"ladies-supper-club-getaway-loona-manor","status":"publish","type":"product","link":"https:\/\/prelive.paulasarekanno.com\/et\/pood\/ladies-supper-club-getaway-loona-manor\/","title":{"rendered":"Ladies Supper Club Getaway: Loona Manor"},"content":{"rendered":"<div>Ladies Supper Clubi 1. s\u00fcnnip\u00e4eva puhul s\u00fcnnib midagi uut. Sel suvel kutsun teid esmakordselt \u00fchele pikemale n\u00e4dalavahetusele, kus viime Supper Clubi idee linnast v\u00e4lja ja otse Saaremaa looduse keskele.<\/div>\n<div><strong><span style=\"font-weight: 400;\">\u2728 <\/span>21.\u201323. augustil<\/strong> koguneme <strong>Loona m\u00f5isas, Saaremaal<\/strong>.<strong><span style=\"font-weight: 400;\">\u2728<\/span><\/strong><\/div>\n<div><\/div>\n<div>See v\u00e4ike ja maaliline m\u00f5is Saaremaa l\u00e4\u00e4nepoolses servas on minu jaoks erakordselt isiklik paik ja mul eriliselt hea meel kohtuda teiega paigas, mida kutsun koduks. Sind ootab privaatne aeg, privaatses m\u00f5isas keset loodust. Meid v\u00f5tab vastu m\u00f5isapere Juss Lindm\u00e4e ja tema tiim, kes avavad meile m\u00f5isa uksed kolmeks suviseks p\u00e4evaks.<\/div>\n<div><\/div>\n<ul>\n<li>Reedel koguneme ja maandume reisist m\u00f5nusa sauna\u00f5htuga. Laup\u00e4eva hommikut alustame pilatesega m\u00f5isapargi murul <strong>treener Eliisabet Valmase<\/strong> juhendamisel. Pealel\u00f5unal hoiab meid <strong>kunstnik Kadri Loopere<\/strong>, kes viib l\u00e4bi maalit\u00f6\u00f6toa, kus iga\u00fcks meist saab luua enda maali, mis sinuga koju kaasa r\u00e4ndab ja seda tunnet meenutama j\u00e4\u00e4b. Ja laup\u00e4eva \u00f5htul kohtume loomulikult\u00a0 <strong>traditsioonilisel Supper Club\u2019i toidukoolitusel<\/strong>, kus minu juhendamisel valmistame \u00fchiselt 3-k\u00e4igulise \u00f5htus\u00f6\u00f6gi.<\/li>\n<li>P\u00fchap\u00e4eva alustame taas pilatesega Eliisabeti juhendamisel ning loomulikult j\u00e4tkub n\u00e4dalavahetuse jooksul aega vabadeks jalutusk\u00e4ikudeks Vilsandi rahvuspargi radadel ja pikkadeks m\u00f5nusateks jutuajamisteks.<\/li>\n<\/ul>\n<div><\/div>\n<div>Kingi endale kolm p\u00e4eva, et enne s\u00fcgise algust v\u00f5tta igap\u00e4evasest r\u00fctmist paus, nautida head toitu ja head seltskonda ning imekaunist Saaremaa loodust. See on koht, kus kellal v\u00f5tame seierid \u00e4ra ning aeg liigub omasoodu teises r\u00fctmis.<\/div>\n<div><\/div>\n<div>Lubame endal m\u00f5nusalt kulgeda ja laeme akud t\u00e4is, et astuda s\u00fcgisesse hea energiaga.<\/div>\n<div><\/div>\n<div>Hind sisaldab:<\/div>\n<ul>\n<li>2 \u00f6\u00f6d majutust Loona m\u00f5isa kaheses toas<\/li>\n<li>k\u00f5ik s\u00f6\u00f6gikorrad (2 \u00f5htu-, 2 hommiku- ja 1 l\u00f5unas\u00f6\u00f6k)\n<ul>\n<li><em>sh. meie klassikaline 3-k\u00e4igulise \u00f5htus\u00f6\u00f6gi toidukoolitus laup\u00e4eval, mida viin l\u00e4bi mina<\/em><\/li>\n<\/ul>\n<\/li>\n<li>2 pilatese treeningut m\u00f5lemal hommikul koos treener Eliisabet Valmasega<\/li>\n<li>maalit\u00f6\u00f6tuba koos kunstnik Kadri Looperega (sh.vajalikud vahendid)<\/li>\n<li>\u00fchine sauna\u00f5htu ja loomulikult pikad m\u00f5nusad jutuajamised<\/li>\n<\/ul>\n<div>\n<div><em><b>\ud83c\udf9f\ufe0f <\/b>Hind: 599\u20ac<\/em><\/div>\n<div><strong><b>\ud83d\udd4a\ufe0f<\/b>\u00a0Early bird: 549\u20ac (kuni 01.05.2026)<\/strong><\/div>\n<div><\/div>\n<\/div>\n<div>Soovi korral saad laagri eest tasuda ka 3 osamaksena. Selleks kirjuta mulle otse paula@paulasarekanno.com<\/div>\n<ul>\n<li>Broneerimistasu: 100\u20ac <em>(non-refundable)\u00a0<\/em><\/li>\n<li>Teine osamakse:\u00a0 249\u20ac\u00a0 (t\u00e4htaeg: 1.05.2026)<\/li>\n<li>Kolmas osamakse: 200\u20ac (t\u00e4htaeg: 15.06.2026)<\/li>\n<\/ul>\n<p>&nbsp;<\/p>","protected":false},"excerpt":{"rendered":"<p>Ladies Supper Clubi 1. s\u00fcnnip\u00e4eva puhul s\u00fcnnib midagi uut. Sel suvel kutsun teid esmakordselt \u00fchele pikemale n\u00e4dalavahetusele, kus viime Supper &hellip; <\/p>","protected":false},"featured_media":2153,"template":"","meta":{"iawp_total_views":23},"product_brand":[],"product_cat":[232],"product_tag":[],"class_list":{"0":"post-2152","1":"product","2":"type-product","3":"status-publish","4":"has-post-thumbnail","6":"product_cat-tooted","7":"latest_post","9":"first","10":"instock","11":"shipping-taxable","12":"purchasable","13":"product-type-simple"},"yoast_head":"<!-- This site is optimized with the Yoast SEO plugin v27.1.1 - https:\/\/yoast.com\/product\/yoast-seo-wordpress\/ -->\n<title>Ladies Supper Club Getaway: Loona Manor - Paula S\u00e4rekanno<\/title>\n<meta name=\"description\" content=\"21.\u201323. augustil koguneme Loona m\u00f5isas, kus sind ootab Ladies Supper Club toidukoolitus, hommikud pilatesega ja maalit\u00f6\u00f6tuba.\" \/>\n<meta name=\"robots\" content=\"index, follow, max-snippet:-1, max-image-preview:large, max-video-preview:-1\" \/>\n<link rel=\"canonical\" href=\"https:\/\/prelive.paulasarekanno.com\/et\/pood\/ladies-supper-club-getaway-loona-manor\/\" \/>\n<meta property=\"og:locale\" content=\"et_EE\" \/>\n<meta property=\"og:type\" content=\"article\" \/>\n<meta property=\"og:title\" content=\"Ladies Supper Club Getaway: Loona Manor - Paula S\u00e4rekanno\" \/>\n<meta property=\"og:description\" content=\"21.\u201323. augustil koguneme Loona m\u00f5isas, kus sind ootab Ladies Supper Club toidukoolitus, hommikud pilatesega ja maalit\u00f6\u00f6tuba.\" \/>\n<meta property=\"og:url\" content=\"https:\/\/prelive.paulasarekanno.com\/et\/pood\/ladies-supper-club-getaway-loona-manor\/\" \/>\n<meta property=\"og:site_name\" content=\"Paula S\u00e4rekanno\" \/>\n<meta property=\"article:modified_time\" content=\"2026-03-10T09:27:08+00:00\" \/>\n<meta property=\"og:image\" content=\"https:\/\/prelive.paulasarekanno.com\/wp-content\/uploads\/2026\/03\/Loona6-1024x819.png\" \/>\n\t<meta property=\"og:image:width\" content=\"1024\" \/>\n\t<meta property=\"og:image:height\" content=\"819\" \/>\n\t<meta property=\"og:image:type\" content=\"image\/png\" \/>\n<meta name=\"twitter:card\" content=\"summary_large_image\" \/>\n<meta name=\"twitter:label1\" content=\"Est. reading time\" \/>\n\t<meta name=\"twitter:data1\" content=\"2 minutes\" \/>\n<script type=\"application\/ld+json\" class=\"yoast-schema-graph\">{\"@context\":\"https:\/\/schema.org\",\"@graph\":[{\"@type\":\"WebPage\",\"@id\":\"https:\/\/prelive.paulasarekanno.com\/et\/pood\/ladies-supper-club-getaway-loona-manor\/\",\"url\":\"https:\/\/prelive.paulasarekanno.com\/et\/pood\/ladies-supper-club-getaway-loona-manor\/\",\"name\":\"Ladies Supper Club Getaway: Loona Manor - Paula S\u00e4rekanno\",\"isPartOf\":{\"@id\":\"https:\/\/prelive.paulasarekanno.com\/et\/#website\"},\"primaryImageOfPage\":{\"@id\":\"https:\/\/prelive.paulasarekanno.com\/et\/pood\/ladies-supper-club-getaway-loona-manor\/#primaryimage\"},\"image\":{\"@id\":\"https:\/\/prelive.paulasarekanno.com\/et\/pood\/ladies-supper-club-getaway-loona-manor\/#primaryimage\"},\"thumbnailUrl\":\"https:\/\/prelive.paulasarekanno.com\/wp-content\/uploads\/2026\/03\/Loona6.png\",\"datePublished\":\"2026-03-10T09:00:17+00:00\",\"dateModified\":\"2026-03-10T09:27:08+00:00\",\"description\":\"21.\u201323. augustil koguneme Loona m\u00f5isas, kus sind ootab Ladies Supper Club toidukoolitus, hommikud pilatesega ja maalit\u00f6\u00f6tuba.\",\"breadcrumb\":{\"@id\":\"https:\/\/prelive.paulasarekanno.com\/et\/pood\/ladies-supper-club-getaway-loona-manor\/#breadcrumb\"},\"inLanguage\":\"et\",\"potentialAction\":[{\"@type\":\"ReadAction\",\"target\":[\"https:\/\/prelive.paulasarekanno.com\/et\/pood\/ladies-supper-club-getaway-loona-manor\/\"]}]},{\"@type\":\"ImageObject\",\"inLanguage\":\"et\",\"@id\":\"https:\/\/prelive.paulasarekanno.com\/et\/pood\/ladies-supper-club-getaway-loona-manor\/#primaryimage\",\"url\":\"https:\/\/prelive.paulasarekanno.com\/wp-content\/uploads\/2026\/03\/Loona6.png\",\"contentUrl\":\"https:\/\/prelive.paulasarekanno.com\/wp-content\/uploads\/2026\/03\/Loona6.png\",\"width\":2000,\"height\":1600},{\"@type\":\"BreadcrumbList\",\"@id\":\"https:\/\/prelive.paulasarekanno.com\/et\/pood\/ladies-supper-club-getaway-loona-manor\/#breadcrumb\",\"itemListElement\":[{\"@type\":\"ListItem\",\"position\":1,\"name\":\"Home\",\"item\":\"https:\/\/prelive.paulasarekanno.com\/et\/avaleht\/\"},{\"@type\":\"ListItem\",\"position\":2,\"name\":\"Pood\",\"item\":\"https:\/\/prelive.paulasarekanno.com\/et\/pood\/\"},{\"@type\":\"ListItem\",\"position\":3,\"name\":\"Ladies Supper Club Getaway: Loona Manor\"}]},{\"@type\":\"WebSite\",\"@id\":\"https:\/\/prelive.paulasarekanno.com\/et\/#website\",\"url\":\"https:\/\/prelive.paulasarekanno.com\/et\/\",\"name\":\"Paula S\u00e4rekanno\",\"description\":\"Paula S\u00e4rekanno\",\"potentialAction\":[{\"@type\":\"SearchAction\",\"target\":{\"@type\":\"EntryPoint\",\"urlTemplate\":\"https:\/\/prelive.paulasarekanno.com\/et\/?s={search_term_string}\"},\"query-input\":{\"@type\":\"PropertyValueSpecification\",\"valueRequired\":true,\"valueName\":\"search_term_string\"}}],\"inLanguage\":\"et\"}]}<\/script>\n<!-- \/ Yoast SEO plugin. -->","yoast_head_json":{"title":"Ladies Supper Club Getaway: Loona Manor - Paula S\u00e4rekanno","description":"21.\u201323. augustil koguneme Loona m\u00f5isas, kus sind ootab Ladies Supper Club toidukoolitus, hommikud pilatesega ja maalit\u00f6\u00f6tuba.","robots":{"index":"index","follow":"follow","max-snippet":"max-snippet:-1","max-image-preview":"max-image-preview:large","max-video-preview":"max-video-preview:-1"},"canonical":"https:\/\/prelive.paulasarekanno.com\/et\/pood\/ladies-supper-club-getaway-loona-manor\/","og_locale":"et_EE","og_type":"article","og_title":"Ladies Supper Club Getaway: Loona Manor - Paula S\u00e4rekanno","og_description":"21.\u201323. augustil koguneme Loona m\u00f5isas, kus sind ootab Ladies Supper Club toidukoolitus, hommikud pilatesega ja maalit\u00f6\u00f6tuba.","og_url":"https:\/\/prelive.paulasarekanno.com\/et\/pood\/ladies-supper-club-getaway-loona-manor\/","og_site_name":"Paula S\u00e4rekanno","article_modified_time":"2026-03-10T09:27:08+00:00","og_image":[{"width":1024,"height":819,"url":"https:\/\/prelive.paulasarekanno.com\/wp-content\/uploads\/2026\/03\/Loona6-1024x819.png","type":"image\/png"}],"twitter_card":"summary_large_image","twitter_misc":{"Est. reading time":"2 minutes"},"schema":{"@context":"https:\/\/schema.org","@graph":[{"@type":"WebPage","@id":"https:\/\/prelive.paulasarekanno.com\/et\/pood\/ladies-supper-club-getaway-loona-manor\/","url":"https:\/\/prelive.paulasarekanno.com\/et\/pood\/ladies-supper-club-getaway-loona-manor\/","name":"Ladies Supper Club Getaway: Loona Manor - Paula S\u00e4rekanno","isPartOf":{"@id":"https:\/\/prelive.paulasarekanno.com\/et\/#website"},"primaryImageOfPage":{"@id":"https:\/\/prelive.paulasarekanno.com\/et\/pood\/ladies-supper-club-getaway-loona-manor\/#primaryimage"},"image":{"@id":"https:\/\/prelive.paulasarekanno.com\/et\/pood\/ladies-supper-club-getaway-loona-manor\/#primaryimage"},"thumbnailUrl":"https:\/\/prelive.paulasarekanno.com\/wp-content\/uploads\/2026\/03\/Loona6.png","datePublished":"2026-03-10T09:00:17+00:00","dateModified":"2026-03-10T09:27:08+00:00","description":"21.\u201323. augustil koguneme Loona m\u00f5isas, kus sind ootab Ladies Supper Club toidukoolitus, hommikud pilatesega ja maalit\u00f6\u00f6tuba.","breadcrumb":{"@id":"https:\/\/prelive.paulasarekanno.com\/et\/pood\/ladies-supper-club-getaway-loona-manor\/#breadcrumb"},"inLanguage":"et","potentialAction":[{"@type":"ReadAction","target":["https:\/\/prelive.paulasarekanno.com\/et\/pood\/ladies-supper-club-getaway-loona-manor\/"]}]},{"@type":"ImageObject","inLanguage":"et","@id":"https:\/\/prelive.paulasarekanno.com\/et\/pood\/ladies-supper-club-getaway-loona-manor\/#primaryimage","url":"https:\/\/prelive.paulasarekanno.com\/wp-content\/uploads\/2026\/03\/Loona6.png","contentUrl":"https:\/\/prelive.paulasarekanno.com\/wp-content\/uploads\/2026\/03\/Loona6.png","width":2000,"height":1600},{"@type":"BreadcrumbList","@id":"https:\/\/prelive.paulasarekanno.com\/et\/pood\/ladies-supper-club-getaway-loona-manor\/#breadcrumb","itemListElement":[{"@type":"ListItem","position":1,"name":"Home","item":"https:\/\/prelive.paulasarekanno.com\/et\/avaleht\/"},{"@type":"ListItem","position":2,"name":"Pood","item":"https:\/\/prelive.paulasarekanno.com\/et\/pood\/"},{"@type":"ListItem","position":3,"name":"Ladies Supper Club Getaway: Loona Manor"}]},{"@type":"WebSite","@id":"https:\/\/prelive.paulasarekanno.com\/et\/#website","url":"https:\/\/prelive.paulasarekanno.com\/et\/","name":"Paula S\u00e4rekanno","description":"Paula S\u00e4rekanno","potentialAction":[{"@type":"SearchAction","target":{"@type":"EntryPoint","urlTemplate":"https:\/\/prelive.paulasarekanno.com\/et\/?s={search_term_string}"},"query-input":{"@type":"PropertyValueSpecification","valueRequired":true,"valueName":"search_term_string"}}],"inLanguage":"et"}]}},"_links":{"self":[{"href":"https:\/\/prelive.paulasarekanno.com\/et\/wp-json\/wp\/v2\/product\/2152","targetHints":{"allow":["GET"]}}],"collection":[{"href":"https:\/\/prelive.paulasarekanno.com\/et\/wp-json\/wp\/v2\/product"}],"about":[{"href":"https:\/\/prelive.paulasarekanno.com\/et\/wp-json\/wp\/v2\/types\/product"}],"wp:featuredmedia":[{"embeddable":true,"href":"https:\/\/prelive.paulasarekanno.com\/et\/wp-json\/wp\/v2\/media\/2153"}],"wp:attachment":[{"href":"https:\/\/prelive.paulasarekanno.com\/et\/wp-json\/wp\/v2\/media?parent=2152"}],"wp:term":[{"taxonomy":"product_brand","embeddable":true,"href":"https:\/\/prelive.paulasarekanno.com\/et\/wp-json\/wp\/v2\/product_brand?post=2152"},{"taxonomy":"product_cat","embeddable":true,"href":"https:\/\/prelive.paulasarekanno.com\/et\/wp-json\/wp\/v2\/product_cat?post=2152"},{"taxonomy":"product_tag","embeddable":true,"href":"https:\/\/prelive.paulasarekanno.com\/et\/wp-json\/wp\/v2\/product_tag?post=2152"}],"curies":[{"name":"wp","href":"https:\/\/api.w.org\/{rel}","templated":true}]}}