{"id":285,"date":"2025-03-10T12:10:48","date_gmt":"2025-03-10T10:10:48","guid":{"rendered":"https:\/\/prelive.paulasarekanno.com\/?post_type=product&#038;p=285"},"modified":"2025-06-18T22:43:20","modified_gmt":"2025-06-18T19:43:20","slug":"raamat-lihtsus-kokakunstis","status":"publish","type":"product","link":"https:\/\/prelive.paulasarekanno.com\/et\/pood\/raamat-lihtsus-kokakunstis\/","title":{"rendered":"Raamat &#8220;Lihtsus kokakunstis&#8221;"},"content":{"rendered":"<div>See raamat sobib k\u00f6\u00f6giriiulisse k\u00f5igile neile, kes soovivad s\u00fc\u00fca tervislikke ja nauditavaid roogi, aga valmistada neid v\u00f5imalikult kergelt ja kiirelt. Raamatust leiad 54 retsepti \u00fcheksas kategoorias, mis on k\u00f5ik kannustatud lihtsatest protsessidest. Samuti leiad soovitusi lihtsamaks kokkamiseks ja praktilise poenimekirja, mille abil kodused kapid head toorainet t\u00e4is varuda.<\/div>\n<div><\/div>\n<div>Siin saavad kokku m\u00f5nusad ja kodused maitsed ning huvitavad kooslused. Toidud, mida valmistada nii argi\u00f5htutel kui ka n\u00e4dalavahetustel. Maiustused, mis on valmistatud t\u00e4isteratoodetest ja madalama gl\u00fckeemilise indeksiga magustajate abil ning aitavad murda m\u00fc\u00fcti, et tervislik toit ei paku erilisi naudinguid. Ning nende toitude tegemiseks ei ole vaja m\u00e4\u00e4rida mitut kaussi, mitut potti ja liiga palju pingutada.<\/div>\n<div><\/div>\n<div>***<\/div>\n<div>\u201cP\u00e4rast selle raamatu lugemist tekib kohe tahtmine oma perele s\u00fc\u00fca teha! Siinsed kodused toidud on Paula n\u00e4gu. K\u00f5ik koostisained on poodidest ja turult kergelt k\u00e4ttesaadavad ning igati tervislikud. Retseptid on kokku pandud armastuse ja kirega toidu vastu, mis lubavad s\u00f5pru ja peret r\u00f5\u00f5mustada \u00f5igete toitainetega. On \u00fcllatavaid kooslusi, n\u00e4iteks k\u00f5rvits ja pirn, mis on uudne ja varem proovimata. Julgustan katsetama k\u00f5iki Paula p\u00f5nevaid ja imelisi retsepte. Head lustimist!\u201d<\/div>\n<div>Emmanuel Wille,<\/div>\n<div>restoranide Olde Hansa ja Chef\u2019s Manu DoubleDecker peakokk<\/div>","protected":false},"excerpt":{"rendered":"<p>See raamat sobib k\u00f6\u00f6giriiulisse k\u00f5igile neile, kes soovivad s\u00fc\u00fca tervislikke ja nauditavaid roogi, aga valmistada neid v\u00f5imalikult kergelt ja kiirelt. &hellip; <\/p>","protected":false},"featured_media":286,"template":"","meta":{"iawp_total_views":99},"product_brand":[],"product_cat":[232],"product_tag":[],"class_list":{"0":"post-285","1":"product","2":"type-product","3":"status-publish","4":"has-post-thumbnail","6":"product_cat-tooted","7":"latest_post","9":"first","10":"instock","11":"shipping-taxable","12":"purchasable","13":"product-type-simple"},"yoast_head":"<!-- This site is optimized with the Yoast SEO plugin v27.1.1 - https:\/\/yoast.com\/product\/yoast-seo-wordpress\/ -->\n<title>Raamat &quot;Lihtsus kokakunstis&quot; - Paula S\u00e4rekanno<\/title>\n<meta name=\"robots\" content=\"index, follow, max-snippet:-1, max-image-preview:large, max-video-preview:-1\" \/>\n<link rel=\"canonical\" href=\"https:\/\/prelive.paulasarekanno.com\/et\/pood\/raamat-lihtsus-kokakunstis\/\" \/>\n<meta property=\"og:locale\" content=\"et_EE\" \/>\n<meta property=\"og:type\" content=\"article\" \/>\n<meta property=\"og:title\" content=\"Raamat &quot;Lihtsus kokakunstis&quot; - Paula S\u00e4rekanno\" \/>\n<meta property=\"og:description\" content=\"See raamat sobib k\u00f6\u00f6giriiulisse k\u00f5igile neile, kes soovivad s\u00fc\u00fca tervislikke ja nauditavaid roogi, aga valmistada neid v\u00f5imalikult kergelt ja kiirelt. &hellip;\" \/>\n<meta property=\"og:url\" content=\"https:\/\/prelive.paulasarekanno.com\/et\/pood\/raamat-lihtsus-kokakunstis\/\" \/>\n<meta property=\"og:site_name\" content=\"Paula S\u00e4rekanno\" \/>\n<meta property=\"article:modified_time\" content=\"2025-06-18T19:43:20+00:00\" \/>\n<meta property=\"og:image\" content=\"https:\/\/prelive.paulasarekanno.com\/wp-content\/uploads\/2025\/03\/esikaas-scaled.jpeg\" \/>\n\t<meta property=\"og:image:width\" content=\"1831\" \/>\n\t<meta property=\"og:image:height\" content=\"2560\" \/>\n\t<meta property=\"og:image:type\" content=\"image\/jpeg\" \/>\n<meta name=\"twitter:card\" content=\"summary_large_image\" \/>\n<meta name=\"twitter:label1\" content=\"Est. reading time\" \/>\n\t<meta name=\"twitter:data1\" content=\"2 minutes\" \/>\n<script type=\"application\/ld+json\" class=\"yoast-schema-graph\">{\"@context\":\"https:\/\/schema.org\",\"@graph\":[{\"@type\":\"WebPage\",\"@id\":\"https:\/\/prelive.paulasarekanno.com\/et\/pood\/raamat-lihtsus-kokakunstis\/\",\"url\":\"https:\/\/prelive.paulasarekanno.com\/et\/pood\/raamat-lihtsus-kokakunstis\/\",\"name\":\"Raamat \\\"Lihtsus kokakunstis\\\" - Paula S\u00e4rekanno\",\"isPartOf\":{\"@id\":\"https:\/\/prelive.paulasarekanno.com\/et\/#website\"},\"primaryImageOfPage\":{\"@id\":\"https:\/\/prelive.paulasarekanno.com\/et\/pood\/raamat-lihtsus-kokakunstis\/#primaryimage\"},\"image\":{\"@id\":\"https:\/\/prelive.paulasarekanno.com\/et\/pood\/raamat-lihtsus-kokakunstis\/#primaryimage\"},\"thumbnailUrl\":\"https:\/\/prelive.paulasarekanno.com\/wp-content\/uploads\/2025\/03\/esikaas-scaled.jpeg\",\"datePublished\":\"2025-03-10T10:10:48+00:00\",\"dateModified\":\"2025-06-18T19:43:20+00:00\",\"breadcrumb\":{\"@id\":\"https:\/\/prelive.paulasarekanno.com\/et\/pood\/raamat-lihtsus-kokakunstis\/#breadcrumb\"},\"inLanguage\":\"et\",\"potentialAction\":[{\"@type\":\"ReadAction\",\"target\":[\"https:\/\/prelive.paulasarekanno.com\/et\/pood\/raamat-lihtsus-kokakunstis\/\"]}]},{\"@type\":\"ImageObject\",\"inLanguage\":\"et\",\"@id\":\"https:\/\/prelive.paulasarekanno.com\/et\/pood\/raamat-lihtsus-kokakunstis\/#primaryimage\",\"url\":\"https:\/\/prelive.paulasarekanno.com\/wp-content\/uploads\/2025\/03\/esikaas-scaled.jpeg\",\"contentUrl\":\"https:\/\/prelive.paulasarekanno.com\/wp-content\/uploads\/2025\/03\/esikaas-scaled.jpeg\",\"width\":1831,\"height\":2560},{\"@type\":\"BreadcrumbList\",\"@id\":\"https:\/\/prelive.paulasarekanno.com\/et\/pood\/raamat-lihtsus-kokakunstis\/#breadcrumb\",\"itemListElement\":[{\"@type\":\"ListItem\",\"position\":1,\"name\":\"Home\",\"item\":\"https:\/\/prelive.paulasarekanno.com\/et\/avaleht\/\"},{\"@type\":\"ListItem\",\"position\":2,\"name\":\"Pood\",\"item\":\"https:\/\/prelive.paulasarekanno.com\/et\/pood\/\"},{\"@type\":\"ListItem\",\"position\":3,\"name\":\"Raamat &#8220;Lihtsus kokakunstis&#8221;\"}]},{\"@type\":\"WebSite\",\"@id\":\"https:\/\/prelive.paulasarekanno.com\/et\/#website\",\"url\":\"https:\/\/prelive.paulasarekanno.com\/et\/\",\"name\":\"Paula S\u00e4rekanno\",\"description\":\"Paula S\u00e4rekanno\",\"potentialAction\":[{\"@type\":\"SearchAction\",\"target\":{\"@type\":\"EntryPoint\",\"urlTemplate\":\"https:\/\/prelive.paulasarekanno.com\/et\/?s={search_term_string}\"},\"query-input\":{\"@type\":\"PropertyValueSpecification\",\"valueRequired\":true,\"valueName\":\"search_term_string\"}}],\"inLanguage\":\"et\"}]}<\/script>\n<!-- \/ Yoast SEO plugin. -->","yoast_head_json":{"title":"Raamat \"Lihtsus kokakunstis\" - Paula S\u00e4rekanno","robots":{"index":"index","follow":"follow","max-snippet":"max-snippet:-1","max-image-preview":"max-image-preview:large","max-video-preview":"max-video-preview:-1"},"canonical":"https:\/\/prelive.paulasarekanno.com\/et\/pood\/raamat-lihtsus-kokakunstis\/","og_locale":"et_EE","og_type":"article","og_title":"Raamat \"Lihtsus kokakunstis\" - Paula S\u00e4rekanno","og_description":"See raamat sobib k\u00f6\u00f6giriiulisse k\u00f5igile neile, kes soovivad s\u00fc\u00fca tervislikke ja nauditavaid roogi, aga valmistada neid v\u00f5imalikult kergelt ja kiirelt. &hellip;","og_url":"https:\/\/prelive.paulasarekanno.com\/et\/pood\/raamat-lihtsus-kokakunstis\/","og_site_name":"Paula S\u00e4rekanno","article_modified_time":"2025-06-18T19:43:20+00:00","og_image":[{"width":1831,"height":2560,"url":"https:\/\/prelive.paulasarekanno.com\/wp-content\/uploads\/2025\/03\/esikaas-scaled.jpeg","type":"image\/jpeg"}],"twitter_card":"summary_large_image","twitter_misc":{"Est. reading time":"2 minutes"},"schema":{"@context":"https:\/\/schema.org","@graph":[{"@type":"WebPage","@id":"https:\/\/prelive.paulasarekanno.com\/et\/pood\/raamat-lihtsus-kokakunstis\/","url":"https:\/\/prelive.paulasarekanno.com\/et\/pood\/raamat-lihtsus-kokakunstis\/","name":"Raamat \"Lihtsus kokakunstis\" - Paula S\u00e4rekanno","isPartOf":{"@id":"https:\/\/prelive.paulasarekanno.com\/et\/#website"},"primaryImageOfPage":{"@id":"https:\/\/prelive.paulasarekanno.com\/et\/pood\/raamat-lihtsus-kokakunstis\/#primaryimage"},"image":{"@id":"https:\/\/prelive.paulasarekanno.com\/et\/pood\/raamat-lihtsus-kokakunstis\/#primaryimage"},"thumbnailUrl":"https:\/\/prelive.paulasarekanno.com\/wp-content\/uploads\/2025\/03\/esikaas-scaled.jpeg","datePublished":"2025-03-10T10:10:48+00:00","dateModified":"2025-06-18T19:43:20+00:00","breadcrumb":{"@id":"https:\/\/prelive.paulasarekanno.com\/et\/pood\/raamat-lihtsus-kokakunstis\/#breadcrumb"},"inLanguage":"et","potentialAction":[{"@type":"ReadAction","target":["https:\/\/prelive.paulasarekanno.com\/et\/pood\/raamat-lihtsus-kokakunstis\/"]}]},{"@type":"ImageObject","inLanguage":"et","@id":"https:\/\/prelive.paulasarekanno.com\/et\/pood\/raamat-lihtsus-kokakunstis\/#primaryimage","url":"https:\/\/prelive.paulasarekanno.com\/wp-content\/uploads\/2025\/03\/esikaas-scaled.jpeg","contentUrl":"https:\/\/prelive.paulasarekanno.com\/wp-content\/uploads\/2025\/03\/esikaas-scaled.jpeg","width":1831,"height":2560},{"@type":"BreadcrumbList","@id":"https:\/\/prelive.paulasarekanno.com\/et\/pood\/raamat-lihtsus-kokakunstis\/#breadcrumb","itemListElement":[{"@type":"ListItem","position":1,"name":"Home","item":"https:\/\/prelive.paulasarekanno.com\/et\/avaleht\/"},{"@type":"ListItem","position":2,"name":"Pood","item":"https:\/\/prelive.paulasarekanno.com\/et\/pood\/"},{"@type":"ListItem","position":3,"name":"Raamat &#8220;Lihtsus kokakunstis&#8221;"}]},{"@type":"WebSite","@id":"https:\/\/prelive.paulasarekanno.com\/et\/#website","url":"https:\/\/prelive.paulasarekanno.com\/et\/","name":"Paula S\u00e4rekanno","description":"Paula S\u00e4rekanno","potentialAction":[{"@type":"SearchAction","target":{"@type":"EntryPoint","urlTemplate":"https:\/\/prelive.paulasarekanno.com\/et\/?s={search_term_string}"},"query-input":{"@type":"PropertyValueSpecification","valueRequired":true,"valueName":"search_term_string"}}],"inLanguage":"et"}]}},"_links":{"self":[{"href":"https:\/\/prelive.paulasarekanno.com\/et\/wp-json\/wp\/v2\/product\/285","targetHints":{"allow":["GET"]}}],"collection":[{"href":"https:\/\/prelive.paulasarekanno.com\/et\/wp-json\/wp\/v2\/product"}],"about":[{"href":"https:\/\/prelive.paulasarekanno.com\/et\/wp-json\/wp\/v2\/types\/product"}],"wp:featuredmedia":[{"embeddable":true,"href":"https:\/\/prelive.paulasarekanno.com\/et\/wp-json\/wp\/v2\/media\/286"}],"wp:attachment":[{"href":"https:\/\/prelive.paulasarekanno.com\/et\/wp-json\/wp\/v2\/media?parent=285"}],"wp:term":[{"taxonomy":"product_brand","embeddable":true,"href":"https:\/\/prelive.paulasarekanno.com\/et\/wp-json\/wp\/v2\/product_brand?post=285"},{"taxonomy":"product_cat","embeddable":true,"href":"https:\/\/prelive.paulasarekanno.com\/et\/wp-json\/wp\/v2\/product_cat?post=285"},{"taxonomy":"product_tag","embeddable":true,"href":"https:\/\/prelive.paulasarekanno.com\/et\/wp-json\/wp\/v2\/product_tag?post=285"}],"curies":[{"name":"wp","href":"https:\/\/api.w.org\/{rel}","templated":true}]}}